{"id":26,"date":"2022-08-23T11:42:06","date_gmt":"2022-08-23T11:42:06","guid":{"rendered":"https:\/\/fundoangra.com.br\/?page_id=26"},"modified":"2023-03-22T11:46:58","modified_gmt":"2023-03-22T11:46:58","slug":"pagina-inicial","status":"publish","type":"page","link":"https:\/\/fundoangra.com.br\/","title":{"rendered":"P\u00e1gina Inicial"},"content":{"rendered":"<div id=\"pl-26\"  class=\"panel-layout\" ><div id=\"pg-26-0\"  class=\"panel-grid panel-no-style\" ><div id=\"pgc-26-0-0\"  class=\"panel-grid-cell\" ><div id=\"panel-26-0-0-0\" class=\"widget_text so-panel widget widget_custom_html panel-first-child panel-last-child\" data-index=\"0\" ><div class=\"textwidget custom-html-widget\">\n<\/div><\/div><\/div><\/div><div id=\"pg-26-1\"  class=\"panel-grid panel-has-style\" ><div id=\"Fundo\" class=\"panel-row-style panel-row-style-for-26-1\" ><div id=\"pgc-26-1-0\"  class=\"panel-grid-cell panel-grid-cell-empty\" ><\/div><\/div><\/div><div id=\"pg-26-2\"  class=\"panel-grid panel-no-style\" ><div id=\"pgc-26-2-0\"  class=\"panel-grid-cell\" ><div id=\"panel-26-2-0-0\" class=\"so-panel widget widget_headline-widget panel-first-child\" data-index=\"1\" >\t\t<h1>ANGRA FUNDO DE INVESTIMENTO IMOBILI\u00c1RIO<br><br><\/h1>\n\t\t<div class=\"decoration\"><div class=\"decoration-inside\"><\/div><\/div>\n\t\t<h3><\/h3>\n\t\t<\/div><div id=\"panel-26-2-0-1\" class=\"so-panel widget widget_text panel-last-child\" data-index=\"2\" ><div class=\"panel-widget-style panel-widget-style-for-26-2-0-1\" >\t\t\t<div class=\"textwidget\"><p>O Fundo tem por objeto a aquisi\u00e7\u00e3o e\/ou constru\u00e7\u00e3o para explora\u00e7\u00e3o comercial, de im\u00f3veis comerciais, notadamente centros de distribui\u00e7\u00e3o e log\u00edstica, atrav\u00e9s da aquisi\u00e7\u00e3o de parcelas e\/ou da totalidade de bens im\u00f3veis, para posterior aliena\u00e7\u00e3o, loca\u00e7\u00e3o ou arrendamento, inclusive bens e direitos a eles relacionados.<\/p>\n<\/div>\n\t\t<\/div><\/div><\/div><\/div><div id=\"pg-26-3\"  class=\"panel-grid panel-no-style\" ><div id=\"pgc-26-3-0\"  class=\"panel-grid-cell\" ><div id=\"panel-26-3-0-0\" class=\"so-panel widget widget_text panel-first-child panel-last-child\" data-index=\"3\" ><div class=\"panel-widget-style panel-widget-style-for-26-3-0-0\" >\t\t\t<div class=\"textwidget\"><ul class=\"list-group\">\n<li class=\"list-group-item\">\n<div class=\"row\">\n<div class=\"col-md-4 col-xl-3\"><strong>Nome do Fundo:<\/strong><\/div>\n<div class=\"col\">ANGRA FUNDO DE INVESTIMENTO IMOBILI\u00c1RIO<\/div>\n<\/div>\n<\/li>\n<li class=\"list-group-item\">\n<div class=\"row\">\n<div class=\"col-md-4 col-xl-3\"><strong>CNPJ:<\/strong><\/div>\n<div class=\"col\">41.969.537\/0001-41<\/div>\n<\/div>\n<\/li>\n<li class=\"list-group-item\">\n<div class=\"row\">\n<div class=\"col-md-4 col-xl-3\"><strong>In\u00edcio das Atividades:<\/strong><\/div>\n<div class=\"col\">15\/06\/2022<\/div>\n<div class=\"col\"><\/div>\n<div class=\"row\"><\/div>\n<\/div>\n<\/li>\n<\/ul>\n<\/div>\n\t\t<\/div><\/div><\/div><div id=\"pgc-26-3-1\"  class=\"panel-grid-cell\" ><div id=\"panel-26-3-1-0\" class=\"so-panel widget widget_text panel-first-child panel-last-child\" data-index=\"4\" ><div class=\"panel-widget-style panel-widget-style-for-26-3-1-0\" >\t\t\t<div class=\"textwidget\"><div class=\"row\"><\/div>\n<ul class=\"list-group\">\n<li class=\"list-group-item\">\n<div class=\"row\">\n<div class=\"col-md-4 col-xl-3\"><strong>Administrador:<\/strong><\/div>\n<div class=\"col\">PLANNER CORRETORA DE VALORES SA<\/div>\n<\/div>\n<\/li>\n<li class=\"list-group-item\">\n<div class=\"row\">\n<div class=\"col-md-4 col-xl-3\"><strong>Consultor imobili\u00e1rio:<\/strong><\/div>\n<div class=\"col\">ID GESTORA E ADMINISTRADORA DE RECURSOS LTDA. (IDGR)<\/div>\n<div class=\"col\"><\/div>\n<\/div>\n<\/li>\n<\/ul>\n<\/div>\n\t\t<\/div><\/div><\/div><\/div><div id=\"pg-26-4\"  class=\"panel-grid panel-has-style\" ><div class=\"panel-row-style panel-row-style-for-26-4\" ><div id=\"pgc-26-4-0\"  class=\"panel-grid-cell\" ><div id=\"panel-26-4-0-0\" class=\"so-panel widget widget_headline-widget panel-first-child panel-last-child\" data-index=\"5\" >\t\t<h1>Portf\u00f3lio<\/h1>\n\t\t<div class=\"decoration\"><div class=\"decoration-inside\"><\/div><\/div>\n\t\t<h3><\/h3>\n\t\t<\/div><\/div><\/div><\/div><div id=\"pg-26-5\"  class=\"panel-grid panel-has-style\" ><div id=\"SobreAngra\" class=\"panel-row-style panel-row-style-for-26-5\" ><div id=\"pgc-26-5-0\"  class=\"panel-grid-cell panel-grid-cell-empty\" ><\/div><\/div><\/div><div id=\"pg-26-6\"  class=\"panel-grid panel-no-style\" ><div id=\"pgc-26-6-0\"  class=\"panel-grid-cell\" ><div class=\"panel-cell-style panel-cell-style-for-26-6-0\" ><div id=\"panel-26-6-0-0\" class=\"so-panel widget widget_headline-widget panel-first-child\" data-index=\"6\" >\t\t<h1>Sobre Angra dos Reis <br><br><\/h1>\n\t\t<div class=\"decoration\"><div class=\"decoration-inside\"><\/div><\/div>\n\t\t<h3><\/h3>\n\t\t<\/div><div id=\"panel-26-6-0-1\" class=\"widget_text so-panel widget widget_custom_html\" data-index=\"7\" ><div class=\"textwidget custom-html-widget\"><iframe loading=\"lazy\" width=\"1280\" height=\"720\" src=\"https:\/\/www.youtube.com\/embed\/YL84pTTmZB4\" title=\"SMART CITY PTBR LEGENDA INGLES\" frameborder=\"0\" allow=\"accelerometer; autoplay; clipboard-write; encrypted-media; gyroscope; picture-in-picture; web-share\" allowfullscreen><\/iframe><\/div><\/div><div id=\"panel-26-6-0-2\" class=\"widget_text so-panel widget widget_custom_html panel-last-child\" data-index=\"8\" ><div class=\"widget_text panel-widget-style panel-widget-style-for-26-6-0-2\" ><div class=\"textwidget custom-html-widget\"><iframe loading=\"lazy\" src=\"https:\/\/player.vimeo.com\/video\/224525605?h=cc0cbd5cb8\" width=\"640\" height=\"360\" frameborder=\"0\" allow=\"autoplay; fullscreen; picture-in-picture\" allowfullscreen><\/iframe>\n<p><a href=\"https:\/\/vimeo.com\/224525605\">Pr&eacute;via do Aeroporto de Angra<\/a> from <a href=\"https:\/\/vimeo.com\/user68508416\">...<\/a> on <a href=\"https:\/\/vimeo.com\">Vimeo<\/a>.<\/p><\/div><\/div><\/div><\/div><\/div><\/div><div id=\"pg-26-7\"  class=\"panel-grid panel-no-style\" ><div id=\"pgc-26-7-0\"  class=\"panel-grid-cell\" ><div id=\"panel-26-7-0-0\" class=\"so-panel widget widget_text panel-first-child panel-last-child\" data-index=\"9\" ><div class=\"panel-widget-style panel-widget-style-for-26-7-0-0\" >\t\t\t<div class=\"textwidget\"><p>Com uma \u00e1rea total de 813.420 km2, o munic\u00edpio de Angra dos Reis est\u00e1 localizado no litoral Sul do Estado do Rio de Janeiro, regi\u00e3o da Costa Verde fronteira com Mangaratiba e Paraty. O munic\u00edpio \u00e9 territorialmente dividido em quatro distritos: Angra dos Reis, Parque Mambucaba, Cunhambebe e Abra\u00e3o.De acordo com o Censo de 2010, a popula\u00e7\u00e3o de Angra dos Reis consiste em 169.511 moradores, o equivalente a 69,6% do contingente da Regi\u00e3o da Costa Verde, com densidade populacional de 205,45 habitantes por quil\u00f4metro quadrado. Segundo estimativa do IBGE, em 2021, a popula\u00e7\u00e3o angrense chegou a 210.171 habitantes.<\/p>\n<div id=\"teste\"><\/div>\n<\/div>\n\t\t<\/div><\/div><\/div><div id=\"pgc-26-7-1\"  class=\"panel-grid-cell\" ><div id=\"panel-26-7-1-0\" class=\"so-panel widget widget_sow-image panel-first-child panel-last-child\" data-index=\"10\" ><div id=\"imagemAngra\" class=\"panel-widget-style panel-widget-style-for-26-7-1-0\" ><div\n\t\t\t\n\t\t\tclass=\"so-widget-sow-image so-widget-sow-image-default-5b99f59c01c9-26\"\n\t\t\t\n\t\t>\n<div class=\"sow-image-container\">\n\t\t<img \n\tsrc=\"https:\/\/fundoangra.com.br\/wp-content\/uploads\/2022\/08\/ANGRA-DOS-REIS.jpg\" width=\"1200\" height=\"675\" srcset=\"https:\/\/fundoangra.com.br\/wp-content\/uploads\/2022\/08\/ANGRA-DOS-REIS.jpg 1200w, https:\/\/fundoangra.com.br\/wp-content\/uploads\/2022\/08\/ANGRA-DOS-REIS-300x169.jpg 300w, https:\/\/fundoangra.com.br\/wp-content\/uploads\/2022\/08\/ANGRA-DOS-REIS-1024x576.jpg 1024w, https:\/\/fundoangra.com.br\/wp-content\/uploads\/2022\/08\/ANGRA-DOS-REIS-768x432.jpg 768w\" sizes=\"(max-width: 1200px) 100vw, 1200px\" title=\"ANGRA DOS REIS\" alt=\"\" \t\tclass=\"so-widget-image\"\/>\n\t<\/div>\n\n<\/div><\/div><\/div><\/div><\/div><div id=\"pg-26-8\"  class=\"panel-grid panel-has-style\" ><div id=\"Contato\" class=\"panel-row-style panel-row-style-for-26-8\" ><div id=\"pgc-26-8-0\"  class=\"panel-grid-cell\" ><div id=\"panel-26-8-0-0\" class=\"so-panel widget widget_text panel-first-child panel-last-child\" data-index=\"11\" ><div class=\"panel-widget-style panel-widget-style-for-26-8-0-0\" >\t\t\t<div class=\"textwidget\"><p>A cidade de Angra dos Reis possui grande import\u00e2ncia econ\u00f4mica para o Estado do Rio de Janeiro e para o Brasil, sendo um grande expoente no setor naval, com o estaleiro Brasfels, respons\u00e1vel pela constru\u00e7\u00e3o de navios e plataformas de petr\u00f3leo; com o Porto da cidade que \u00e9 estrat\u00e9gico e que tem como objetivo ser um porto misto de servi\u00e7o, oferecendo apoio offshore, escoamento de carga e foco tamb\u00e9m no turismo; e com as \u00fanicas Usinas Nucleares do pa\u00eds, sendo duas em plena opera\u00e7\u00e3o e uma terceira em constru\u00e7\u00e3o. Al\u00e9m do Terminal Petrol\u00edfero da Petrobras &#8211; TEBIG.<br \/>\nSua riqueza natural \u00e9 conhecida mundialmente, pelo mar, pela natureza, pela linda costa e sua Ilha Grande que \u00e9 um patrim\u00f4nio mundial da UNESCO.<\/p>\n<div><\/div>\n<div id=\"teste\"><a href=\"https:\/\/pt.wikipedia.org\/wiki\/Angra_dos_Reis#:~:text=Angra%20dos%20Reis%20%C3%A9%20um%20munic%C3%ADpio%20brasileiro%20situado,IBGE%20de%202020%2C%20era%20de%20207%20044%20habitantes.\" target=\"\u201d_blank\u201d\"><b>Conhe\u00e7a Mais<\/b><\/a><\/div>\n<\/div>\n\t\t<\/div><\/div><\/div><\/div><\/div><div id=\"pg-26-9\"  class=\"panel-grid panel-has-style\" ><div id=\"Contato\" class=\"panel-row-style panel-row-style-for-26-9\" ><div id=\"pgc-26-9-0\"  class=\"panel-grid-cell panel-grid-cell-empty panel-grid-cell-mobile-last\" ><\/div><div id=\"pgc-26-9-1\"  class=\"panel-grid-cell panel-grid-cell-empty\" ><\/div><\/div><\/div><div id=\"pg-26-10\"  class=\"panel-grid panel-no-style\" ><div id=\"pgc-26-10-0\"  class=\"panel-grid-cell\" ><div id=\"panel-26-10-0-0\" class=\"so-panel widget widget_headline-widget panel-first-child\" data-index=\"12\" ><div class=\"panel-widget-style panel-widget-style-for-26-10-0-0\" >\t\t<h1>CONTATO<\/h1>\n\t\t<div class=\"decoration\"><div class=\"decoration-inside\"><\/div><\/div>\n\t\t<h3><\/h3>\n\t\t<\/div><\/div><div id=\"panel-26-10-0-1\" class=\"so-panel widget widget_sow-contact-form\" data-index=\"13\" ><div\n\t\t\t\n\t\t\tclass=\"so-widget-sow-contact-form so-widget-sow-contact-form-default-1dceae4ce411-26\"\n\t\t\t\n\t\t>\t<form\n\t\taction=\"\/index.php?rest_route=%2Fwp%2Fv2%2Fpages%2F26\"\n\t\tmethod=\"POST\"\n\t\tclass=\"sow-contact-form\"\n\t\tid=\"contact-form-9117\"\n\t>\n\n\t\t\n\t\t\t\t\t<div class=\"sow-form-field sow-form-field-name\">\n\t\t\t\t<label class=\"sow-form-field-label-above\" for=\"sow-contact-form-field-seu-nome-1\">\n\t\t\t\t<strong>\n\t\t\t\t\tSeu nome\t\t\t\t\t\t\t\t\t<\/strong>\n\t\t\t<\/label>\n\t\t\t\t\t\t\t<div class=\"sow-field-container\">\n\t\t\t\t\t\t\t<input\n\t\t\ttype=\"text\"\n\t\t\tname=\"seu-nome-1\"\n\t\t\tid=\"sow-contact-form-field-seu-nome-1\"\n\t\t\tvalue=\"\"\n\t\t\tclass=\"sow-text-field\"\n\t\t\t\t\t\t\t\t\/>\n\t\t\t\t\t\t<\/div>\n\t\t\t\t\t\t\t<\/div>\n\t\t\t\t\t\t<div class=\"sow-form-field sow-form-field-email\">\n\t\t\t\t<label class=\"sow-form-field-label-above\" for=\"sow-contact-form-field-o-seu-e-mail-1\">\n\t\t\t\t<strong>\n\t\t\t\t\tO seu e-mail\t\t\t\t\t\t\t\t\t<\/strong>\n\t\t\t<\/label>\n\t\t\t\t\t\t\t<div class=\"sow-field-container\">\n\t\t\t\t\t\t\t<input\n\t\t\ttype=\"email\"\n\t\t\tname=\"o-seu-e-mail-1\"\n\t\t\tid=\"sow-contact-form-field-o-seu-e-mail-1\"\n\t\t\tvalue=\"\"\n\t\t\tclass=\"sow-text-field\"\t\t\t\t\t\t\t\t\/>\n\t\t\t\t\t\t<\/div>\n\t\t\t\t\t\t\t<\/div>\n\t\t\t\t\t\t<div class=\"sow-form-field sow-form-field-subject\">\n\t\t\t\t<label class=\"sow-form-field-label-above\" for=\"sow-contact-form-field-motivo-do-contato-1\">\n\t\t\t\t<strong>\n\t\t\t\t\tMotivo do Contato\t\t\t\t\t\t\t\t\t<\/strong>\n\t\t\t<\/label>\n\t\t\t\t\t\t\t<div class=\"sow-field-container\">\n\t\t\t\t\t\t\t<input\n\t\t\ttype=\"text\"\n\t\t\tname=\"motivo-do-contato-1\"\n\t\t\tid=\"sow-contact-form-field-motivo-do-contato-1\"\n\t\t\tvalue=\"\"\n\t\t\tclass=\"sow-text-field\"\n\t\t\t\t\t\t\t\t\/>\n\t\t\t\t\t\t<\/div>\n\t\t\t\t\t\t\t<\/div>\n\t\t\t\t\t\t<div class=\"sow-form-field sow-form-field-textarea\">\n\t\t\t\t<label class=\"sow-form-field-label-above\" for=\"sow-contact-form-field-mensagem-1\">\n\t\t\t\t<strong>\n\t\t\t\t\tMensagem\t\t\t\t\t\t\t\t\t<\/strong>\n\t\t\t<\/label>\n\t\t\t\t\t\t\t<div class=\"sow-field-container\">\n\t\t\t\t\t\t\t<textarea\n\t\t\tname=\"mensagem-1\"\n\t\t\tid=\"sow-contact-form-field-mensagem-1\"\n\t\t\trows=\"10\"\n\t\t\t\t\t\t\t\t><\/textarea>\n\t\t\t\t\t\t<\/div>\n\t\t\t\t\t\t\t<\/div>\n\t\t\t\n\t\t\n\t\t<div class=\"sow-submit-wrapper \n\t\tsow-submit-styled\t\t\">\n\n\t\t\t<button\n\t\t\t\ttype=\"submit\"\n\t\t\t\tclass=\"sow-submit\n\t\t\t\t\t\t\t\t\"\n\t\t\t\tonclick=\"\"\t\t\t>\n\t\t\t\tEntre em contato\t\t\t<\/button>\n\t\t<\/div>\n\t\t\t\t<input\n\t\t\ttype=\"hidden\"\n\t\t\tname=\"instance_hash-1\"\n\t\t\tvalue=\"91175bfb\"\n\t\t\/>\n\n\t\t<input type=\"hidden\" id=\"_wpnonce\" name=\"_wpnonce\" value=\"e7323ac07c\" \/><input type=\"hidden\" name=\"_wp_http_referer\" value=\"\/index.php?rest_route=%2Fwp%2Fv2%2Fpages%2F26\" \/>\t<\/form>\n\t<\/div><\/div><div id=\"panel-26-10-0-2\" class=\"so-panel widget widget_text panel-last-child\" data-index=\"14\" >\t\t\t<div class=\"textwidget\"><p>Ou se preferir pode nos enviar um Email &#8211; <strong><em><a href=\"mailto:fundo.angra@idgr.com.br\">fundo.angra@idgr.com.br<\/a><\/em><\/strong><\/p>\n<p>&nbsp;<\/p>\n<p>&nbsp;<\/p>\n<\/div>\n\t\t<\/div><\/div><\/div><\/div>","protected":false},"excerpt":{"rendered":"<p>ANGRA FUNDO DE INVESTIMENTO IMOBILI\u00c1RIO O Fundo tem por objeto a aquisi\u00e7\u00e3o e\/ou constru\u00e7\u00e3o para explora\u00e7\u00e3o comercial, de im\u00f3veis comerciais, notadamente centros de distribui\u00e7\u00e3o e log\u00edstica, atrav\u00e9s da aquisi\u00e7\u00e3o de parcelas e\/ou da totalidade de bens im\u00f3veis, para posterior aliena\u00e7\u00e3o, loca\u00e7\u00e3o ou arrendamento, inclusive bens e direitos a eles relacionados. Nome do Fundo: ANGRA FUNDO [&hellip;]<\/p>\n","protected":false},"author":2,"featured_media":0,"parent":0,"menu_order":0,"comment_status":"closed","ping_status":"closed","template":"home-panels.php","meta":{"footnotes":""},"class_list":["post-26","page","type-page","status-publish","hentry","post"],"_links":{"self":[{"href":"https:\/\/fundoangra.com.br\/index.php?rest_route=\/wp\/v2\/pages\/26","targetHints":{"allow":["GET"]}}],"collection":[{"href":"https:\/\/fundoangra.com.br\/index.php?rest_route=\/wp\/v2\/pages"}],"about":[{"href":"https:\/\/fundoangra.com.br\/index.php?rest_route=\/wp\/v2\/types\/page"}],"author":[{"embeddable":true,"href":"https:\/\/fundoangra.com.br\/index.php?rest_route=\/wp\/v2\/users\/2"}],"replies":[{"embeddable":true,"href":"https:\/\/fundoangra.com.br\/index.php?rest_route=%2Fwp%2Fv2%2Fcomments&post=26"}],"version-history":[{"count":63,"href":"https:\/\/fundoangra.com.br\/index.php?rest_route=\/wp\/v2\/pages\/26\/revisions"}],"predecessor-version":[{"id":238,"href":"https:\/\/fundoangra.com.br\/index.php?rest_route=\/wp\/v2\/pages\/26\/revisions\/238"}],"wp:attachment":[{"href":"https:\/\/fundoangra.com.br\/index.php?rest_route=%2Fwp%2Fv2%2Fmedia&parent=26"}],"curies":[{"name":"wp","href":"https:\/\/api.w.org\/{rel}","templated":true}]}}